{"id":8,"date":"2014-10-26T17:16:32","date_gmt":"2014-10-26T16:16:32","guid":{"rendered":"http:\/\/localhost\/?page_id=8"},"modified":"2026-03-19T15:59:37","modified_gmt":"2026-03-19T14:59:37","slug":"vyroba-z-oceli","status":"publish","type":"page","link":"https:\/\/svarujem.cz\/?page_id=8","title":{"rendered":"V\u00fdroba z nerezov\u00e9 oceli AISI 316L"},"content":{"rendered":"<p><p>Nebyly nalezeny \u017e\u00e1dn\u00e9 obr\u00e1zky<\/p>\n<\/p>\n<p><em><strong>Vyrob\u00edme, oprav\u00edme po\u0161kozen\u00e9:<\/strong><\/em><\/p>\n<p><em><strong>&nbsp; &nbsp; &nbsp;<\/strong><\/em><\/p>\n<p>&nbsp;<\/p>\n<ul>\n<li><em>z\u00e1bradl\u00ed<\/em><\/li>\n<li>kontejnery<\/li>\n<li>konstrukce hal<\/li>\n<li>ocelov\u00e9 vazn\u00edky<\/li>\n<li><em>kom\u00ednov\u00e9 st\u0159\u00ed\u0161ky<\/em><\/li>\n<li><em>obaly st\u00e1vaj\u00edc\u00edch sloup\u016f<\/em><\/li>\n<li><em>p\u00edskovi\u0161t\u011b<\/em><\/li>\n<li><em>baz\u00e9n<\/em><\/li>\n<li><em>skluzavku<\/em><\/li>\n<li><em>koloto\u010d<\/em><\/li>\n<li><em>prol\u00edza\u010dku<\/em><\/li>\n<li><em>d\u00edly motocyklu<\/em><\/li>\n<\/ul>\n<ul>\n<li><em>v\u00fdfuky<\/em><\/li>\n<li><em>v\u00fdfukov\u00e9 potrub\u00ed<\/em><\/li>\n<li><em>r\u00e1my<\/em><\/li>\n<li><em>nosi\u010de kufr\u016f<\/em><\/li>\n<\/ul>\n","protected":false},"excerpt":{"rendered":"<p>Nebyly nalezeny \u017e\u00e1dn\u00e9 obr\u00e1zky Vyrob\u00edme, oprav\u00edme po\u0161kozen\u00e9: &nbsp; &nbsp; &nbsp; &nbsp; z\u00e1bradl\u00ed kontejnery konstrukce hal ocelov\u00e9 vazn\u00edky kom\u00ednov\u00e9 st\u0159\u00ed\u0161ky obaly st\u00e1vaj\u00edc\u00edch sloup\u016f p\u00edskovi\u0161t\u011b baz\u00e9n skluzavku koloto\u010d prol\u00edza\u010dku d\u00edly motocyklu v\u00fdfuky v\u00fdfukov\u00e9 potrub\u00ed r\u00e1my nosi\u010de kufr\u016f<\/p>\n","protected":false},"author":1,"featured_media":0,"parent":0,"menu_order":4,"comment_status":"open","ping_status":"open","template":"","meta":{"ngg_post_thumbnail":0},"_links":{"self":[{"href":"https:\/\/svarujem.cz\/index.php?rest_route=\/wp\/v2\/pages\/8"}],"collection":[{"href":"https:\/\/svarujem.cz\/index.php?rest_route=\/wp\/v2\/pages"}],"about":[{"href":"https:\/\/svarujem.cz\/index.php?rest_route=\/wp\/v2\/types\/page"}],"author":[{"embeddable":true,"href":"https:\/\/svarujem.cz\/index.php?rest_route=\/wp\/v2\/users\/1"}],"replies":[{"embeddable":true,"href":"https:\/\/svarujem.cz\/index.php?rest_route=%2Fwp%2Fv2%2Fcomments&post=8"}],"version-history":[{"count":4,"href":"https:\/\/svarujem.cz\/index.php?rest_route=\/wp\/v2\/pages\/8\/revisions"}],"predecessor-version":[{"id":610,"href":"https:\/\/svarujem.cz\/index.php?rest_route=\/wp\/v2\/pages\/8\/revisions\/610"}],"wp:attachment":[{"href":"https:\/\/svarujem.cz\/index.php?rest_route=%2Fwp%2Fv2%2Fmedia&parent=8"}],"curies":[{"name":"wp","href":"https:\/\/api.w.org\/{rel}","templated":true}]}}