{"id":268,"date":"2014-12-16T21:32:50","date_gmt":"2014-12-16T20:32:50","guid":{"rendered":"http:\/\/87114.w14.wedos.ws\/?page_id=268"},"modified":"2014-12-19T16:13:28","modified_gmt":"2014-12-19T15:13:28","slug":"kontejnery","status":"publish","type":"page","link":"https:\/\/svarujem.cz\/?page_id=268","title":{"rendered":"kontejnery"},"content":{"rendered":"<p>vyrab\u00edme vanov\u00e9 a hakov\u00e9 kontejnery s dopl\u0148ky\u00a0na p\u0159\u00e1n\u00ed zakazn\u00edka. \u00a0 \u00a0 \u00a0 \u00a0 \u00a0 \u00a0 \u00a0 \u00a0 \u00a0 \u00a0 \u00a0 \u00a0 \u00a0 \u00a0 \u00a0 \u00a0 \u00a0 \u00a0 \u00a0 \u00a0 \u00a0\u00a0\n\n<div class=\"ngg-galleryoverview ngg-slideshow\"\n\t id=\"ngg-slideshow-284-8534345750\"\n     data-gallery-id=\"284\"\n     style=\"max-width: 600px; max-height: 400px;\">\n\n \t<div id=\"ngg-image-0\" class=\"ngg-gallery-slideshow-image\" style=\"height:400px\">\n\n        <a href=\"https:\/\/svarujem.cz\/wp-content\/gallery\/galerie-kontejnery\/025-640x480.jpg\"\n           title=\"\"\n           data-src=\"https:\/\/svarujem.cz\/wp-content\/gallery\/galerie-kontejnery\/025-640x480.jpg\"\n           data-thumbnail=\"https:\/\/svarujem.cz\/wp-content\/gallery\/galerie-kontejnery\/thumbs\/thumbs_025-640x480.jpg\"\n           data-image-id=\"91\"\n           data-title=\"025 (640x480)\"\n           data-description=\"\"\n           class=\"ngg-fancybox\" rel=\"284\">\n\n            <img data-image-id='91'\n                 title=\"\"\n                 alt=\"025 (640x480)\"\n                 src=\"https:\/\/svarujem.cz\/wp-content\/gallery\/galerie-kontejnery\/025-640x480.jpg\"\n                 style=\"max-height: 380px;\"\/>\n        <\/a>\n\n        <\/div> \n<div id=\"ngg-image-1\" class=\"ngg-gallery-slideshow-image\" style=\"height:400px\">\n\n        <a href=\"https:\/\/svarujem.cz\/wp-content\/gallery\/galerie-kontejnery\/028-640x480.jpg\"\n           title=\"\"\n           data-src=\"https:\/\/svarujem.cz\/wp-content\/gallery\/galerie-kontejnery\/028-640x480.jpg\"\n           data-thumbnail=\"https:\/\/svarujem.cz\/wp-content\/gallery\/galerie-kontejnery\/thumbs\/thumbs_028-640x480.jpg\"\n           data-image-id=\"92\"\n           data-title=\"028 (640x480)\"\n           data-description=\"\"\n           class=\"ngg-fancybox\" rel=\"284\">\n\n            <img data-image-id='92'\n                 title=\"\"\n                 alt=\"028 (640x480)\"\n                 src=\"https:\/\/svarujem.cz\/wp-content\/gallery\/galerie-kontejnery\/028-640x480.jpg\"\n                 style=\"max-height: 380px;\"\/>\n        <\/a>\n\n        <\/div> \n<div id=\"ngg-image-2\" class=\"ngg-gallery-slideshow-image\" style=\"height:400px\">\n\n        <a href=\"https:\/\/svarujem.cz\/wp-content\/gallery\/galerie-kontejnery\/2014-02-05-180.jpg\"\n           title=\"\"\n           data-src=\"https:\/\/svarujem.cz\/wp-content\/gallery\/galerie-kontejnery\/2014-02-05-180.jpg\"\n           data-thumbnail=\"https:\/\/svarujem.cz\/wp-content\/gallery\/galerie-kontejnery\/thumbs\/thumbs_2014-02-05-180.jpg\"\n           data-image-id=\"93\"\n           data-title=\"2014-02-05-180\"\n           data-description=\"\"\n           class=\"ngg-fancybox\" rel=\"284\">\n\n            <img data-image-id='93'\n                 title=\"\"\n                 alt=\"2014-02-05-180\"\n                 src=\"https:\/\/svarujem.cz\/wp-content\/gallery\/galerie-kontejnery\/2014-02-05-180.jpg\"\n                 style=\"max-height: 380px;\"\/>\n        <\/a>\n\n        <\/div> \n<div id=\"ngg-image-3\" class=\"ngg-gallery-slideshow-image\" style=\"height:400px\">\n\n        <a href=\"https:\/\/svarujem.cz\/wp-content\/gallery\/galerie-kontejnery\/DSCN2057-640x480.jpg\"\n           title=\"\"\n           data-src=\"https:\/\/svarujem.cz\/wp-content\/gallery\/galerie-kontejnery\/DSCN2057-640x480.jpg\"\n           data-thumbnail=\"https:\/\/svarujem.cz\/wp-content\/gallery\/galerie-kontejnery\/thumbs\/thumbs_DSCN2057-640x480.jpg\"\n           data-image-id=\"94\"\n           data-title=\"DSCN2057 (640x480)\"\n           data-description=\"\"\n           class=\"ngg-fancybox\" rel=\"284\">\n\n            <img data-image-id='94'\n                 title=\"\"\n                 alt=\"DSCN2057 (640x480)\"\n                 src=\"https:\/\/svarujem.cz\/wp-content\/gallery\/galerie-kontejnery\/DSCN2057-640x480.jpg\"\n                 style=\"max-height: 380px;\"\/>\n        <\/a>\n\n        <\/div> \n<div id=\"ngg-image-4\" class=\"ngg-gallery-slideshow-image\" style=\"height:400px\">\n\n        <a href=\"https:\/\/svarujem.cz\/wp-content\/gallery\/galerie-kontejnery\/DSCN2063-640x480.jpg\"\n           title=\"\"\n           data-src=\"https:\/\/svarujem.cz\/wp-content\/gallery\/galerie-kontejnery\/DSCN2063-640x480.jpg\"\n           data-thumbnail=\"https:\/\/svarujem.cz\/wp-content\/gallery\/galerie-kontejnery\/thumbs\/thumbs_DSCN2063-640x480.jpg\"\n           data-image-id=\"95\"\n           data-title=\"DSCN2063 (640x480)\"\n           data-description=\"\"\n           class=\"ngg-fancybox\" rel=\"284\">\n\n            <img data-image-id='95'\n                 title=\"\"\n                 alt=\"DSCN2063 (640x480)\"\n                 src=\"https:\/\/svarujem.cz\/wp-content\/gallery\/galerie-kontejnery\/DSCN2063-640x480.jpg\"\n                 style=\"max-height: 380px;\"\/>\n        <\/a>\n\n        <\/div> \n<div id=\"ngg-image-5\" class=\"ngg-gallery-slideshow-image\" style=\"height:400px\">\n\n        <a href=\"https:\/\/svarujem.cz\/wp-content\/gallery\/galerie-kontejnery\/IMG_20141201_092400.jpg\"\n           title=\"\"\n           data-src=\"https:\/\/svarujem.cz\/wp-content\/gallery\/galerie-kontejnery\/IMG_20141201_092400.jpg\"\n           data-thumbnail=\"https:\/\/svarujem.cz\/wp-content\/gallery\/galerie-kontejnery\/thumbs\/thumbs_IMG_20141201_092400.jpg\"\n           data-image-id=\"132\"\n           data-title=\"IMG_20141201_092400\"\n           data-description=\"\"\n           class=\"ngg-fancybox\" rel=\"284\">\n\n            <img data-image-id='132'\n                 title=\"\"\n                 alt=\"IMG_20141201_092400\"\n                 src=\"https:\/\/svarujem.cz\/wp-content\/gallery\/galerie-kontejnery\/IMG_20141201_092400.jpg\"\n                 style=\"max-height: 380px;\"\/>\n        <\/a>\n\n        <\/div> \n<div id=\"ngg-image-6\" class=\"ngg-gallery-slideshow-image\" style=\"height:400px\">\n\n        <a href=\"https:\/\/svarujem.cz\/wp-content\/gallery\/galerie-kontejnery\/IMG_20141201_095329.jpg\"\n           title=\"\"\n           data-src=\"https:\/\/svarujem.cz\/wp-content\/gallery\/galerie-kontejnery\/IMG_20141201_095329.jpg\"\n           data-thumbnail=\"https:\/\/svarujem.cz\/wp-content\/gallery\/galerie-kontejnery\/thumbs\/thumbs_IMG_20141201_095329.jpg\"\n           data-image-id=\"133\"\n           data-title=\"IMG_20141201_095329\"\n           data-description=\"\"\n           class=\"ngg-fancybox\" rel=\"284\">\n\n            <img data-image-id='133'\n                 title=\"\"\n                 alt=\"IMG_20141201_095329\"\n                 src=\"https:\/\/svarujem.cz\/wp-content\/gallery\/galerie-kontejnery\/IMG_20141201_095329.jpg\"\n                 style=\"max-height: 380px;\"\/>\n        <\/a>\n\n        <\/div> \n<div id=\"ngg-image-7\" class=\"ngg-gallery-slideshow-image\" style=\"height:400px\">\n\n        <a href=\"https:\/\/svarujem.cz\/wp-content\/gallery\/galerie-kontejnery\/IMG_20141201_124019.jpg\"\n           title=\"\"\n           data-src=\"https:\/\/svarujem.cz\/wp-content\/gallery\/galerie-kontejnery\/IMG_20141201_124019.jpg\"\n           data-thumbnail=\"https:\/\/svarujem.cz\/wp-content\/gallery\/galerie-kontejnery\/thumbs\/thumbs_IMG_20141201_124019.jpg\"\n           data-image-id=\"134\"\n           data-title=\"IMG_20141201_124019\"\n           data-description=\"\"\n           class=\"ngg-fancybox\" rel=\"284\">\n\n            <img data-image-id='134'\n                 title=\"\"\n                 alt=\"IMG_20141201_124019\"\n                 src=\"https:\/\/svarujem.cz\/wp-content\/gallery\/galerie-kontejnery\/IMG_20141201_124019.jpg\"\n                 style=\"max-height: 380px;\"\/>\n        <\/a>\n\n        <\/div> \n<div id=\"ngg-image-8\" class=\"ngg-gallery-slideshow-image\" style=\"height:400px\">\n\n        <a href=\"https:\/\/svarujem.cz\/wp-content\/gallery\/galerie-kontejnery\/IMG_20141201_124419.jpg\"\n           title=\"\"\n           data-src=\"https:\/\/svarujem.cz\/wp-content\/gallery\/galerie-kontejnery\/IMG_20141201_124419.jpg\"\n           data-thumbnail=\"https:\/\/svarujem.cz\/wp-content\/gallery\/galerie-kontejnery\/thumbs\/thumbs_IMG_20141201_124419.jpg\"\n           data-image-id=\"135\"\n           data-title=\"IMG_20141201_124419\"\n           data-description=\"\"\n           class=\"ngg-fancybox\" rel=\"284\">\n\n            <img data-image-id='135'\n                 title=\"\"\n                 alt=\"IMG_20141201_124419\"\n                 src=\"https:\/\/svarujem.cz\/wp-content\/gallery\/galerie-kontejnery\/IMG_20141201_124419.jpg\"\n                 style=\"max-height: 380px;\"\/>\n        <\/a>\n\n        <\/div> \n<div id=\"ngg-image-9\" class=\"ngg-gallery-slideshow-image\" style=\"height:400px\">\n\n        <a href=\"https:\/\/svarujem.cz\/wp-content\/gallery\/galerie-kontejnery\/IMG_20141219_111134.jpg\"\n           title=\"\"\n           data-src=\"https:\/\/svarujem.cz\/wp-content\/gallery\/galerie-kontejnery\/IMG_20141219_111134.jpg\"\n           data-thumbnail=\"https:\/\/svarujem.cz\/wp-content\/gallery\/galerie-kontejnery\/thumbs\/thumbs_IMG_20141219_111134.jpg\"\n           data-image-id=\"140\"\n           data-title=\"IMG_20141219_111134\"\n           data-description=\"\"\n           class=\"ngg-fancybox\" rel=\"284\">\n\n            <img data-image-id='140'\n                 title=\"\"\n                 alt=\"IMG_20141219_111134\"\n                 src=\"https:\/\/svarujem.cz\/wp-content\/gallery\/galerie-kontejnery\/IMG_20141219_111134.jpg\"\n                 style=\"max-height: 380px;\"\/>\n        <\/a>\n\n        <\/div> \n<div id=\"ngg-image-10\" class=\"ngg-gallery-slideshow-image\" style=\"height:400px\">\n\n        <a href=\"https:\/\/svarujem.cz\/wp-content\/gallery\/galerie-kontejnery\/IMG_20141219_112140.jpg\"\n           title=\"\"\n           data-src=\"https:\/\/svarujem.cz\/wp-content\/gallery\/galerie-kontejnery\/IMG_20141219_112140.jpg\"\n           data-thumbnail=\"https:\/\/svarujem.cz\/wp-content\/gallery\/galerie-kontejnery\/thumbs\/thumbs_IMG_20141219_112140.jpg\"\n           data-image-id=\"141\"\n           data-title=\"IMG_20141219_112140\"\n           data-description=\"\"\n           class=\"ngg-fancybox\" rel=\"284\">\n\n            <img data-image-id='141'\n                 title=\"\"\n                 alt=\"IMG_20141219_112140\"\n                 src=\"https:\/\/svarujem.cz\/wp-content\/gallery\/galerie-kontejnery\/IMG_20141219_112140.jpg\"\n                 style=\"max-height: 380px;\"\/>\n        <\/a>\n\n        <\/div> \n<div id=\"ngg-image-11\" class=\"ngg-gallery-slideshow-image\" style=\"height:400px\">\n\n        <a href=\"https:\/\/svarujem.cz\/wp-content\/gallery\/galerie-kontejnery\/IMG_20141219_112215.jpg\"\n           title=\"\"\n           data-src=\"https:\/\/svarujem.cz\/wp-content\/gallery\/galerie-kontejnery\/IMG_20141219_112215.jpg\"\n           data-thumbnail=\"https:\/\/svarujem.cz\/wp-content\/gallery\/galerie-kontejnery\/thumbs\/thumbs_IMG_20141219_112215.jpg\"\n           data-image-id=\"142\"\n           data-title=\"IMG_20141219_112215\"\n           data-description=\"\"\n           class=\"ngg-fancybox\" rel=\"284\">\n\n            <img data-image-id='142'\n                 title=\"\"\n                 alt=\"IMG_20141219_112215\"\n                 src=\"https:\/\/svarujem.cz\/wp-content\/gallery\/galerie-kontejnery\/IMG_20141219_112215.jpg\"\n                 style=\"max-height: 380px;\"\/>\n        <\/a>\n\n        <\/div> \n<div id=\"ngg-image-12\" class=\"ngg-gallery-slideshow-image\" style=\"height:400px\">\n\n        <a href=\"https:\/\/svarujem.cz\/wp-content\/gallery\/galerie-kontejnery\/IMG_20141219_111228.jpg\"\n           title=\"\"\n           data-src=\"https:\/\/svarujem.cz\/wp-content\/gallery\/galerie-kontejnery\/IMG_20141219_111228.jpg\"\n           data-thumbnail=\"https:\/\/svarujem.cz\/wp-content\/gallery\/galerie-kontejnery\/thumbs\/thumbs_IMG_20141219_111228.jpg\"\n           data-image-id=\"184\"\n           data-title=\"IMG_20141219_111228\"\n           data-description=\"\"\n           class=\"ngg-fancybox\" rel=\"284\">\n\n            <img data-image-id='184'\n                 title=\"\"\n                 alt=\"IMG_20141219_111228\"\n                 src=\"https:\/\/svarujem.cz\/wp-content\/gallery\/galerie-kontejnery\/IMG_20141219_111228.jpg\"\n                 style=\"max-height: 380px;\"\/>\n        <\/a>\n\n        <\/div> \n<div id=\"ngg-image-13\" class=\"ngg-gallery-slideshow-image\" style=\"height:400px\">\n\n        <a href=\"https:\/\/svarujem.cz\/wp-content\/gallery\/galerie-kontejnery\/IMG_20141219_112117.jpg\"\n           title=\"\"\n           data-src=\"https:\/\/svarujem.cz\/wp-content\/gallery\/galerie-kontejnery\/IMG_20141219_112117.jpg\"\n           data-thumbnail=\"https:\/\/svarujem.cz\/wp-content\/gallery\/galerie-kontejnery\/thumbs\/thumbs_IMG_20141219_112117.jpg\"\n           data-image-id=\"185\"\n           data-title=\"IMG_20141219_112117\"\n           data-description=\"\"\n           class=\"ngg-fancybox\" rel=\"284\">\n\n            <img data-image-id='185'\n                 title=\"\"\n                 alt=\"IMG_20141219_112117\"\n                 src=\"https:\/\/svarujem.cz\/wp-content\/gallery\/galerie-kontejnery\/IMG_20141219_112117.jpg\"\n                 style=\"max-height: 380px;\"\/>\n        <\/a>\n\n        <\/div> \n<div id=\"ngg-image-14\" class=\"ngg-gallery-slideshow-image\" style=\"height:400px\">\n\n        <a href=\"https:\/\/svarujem.cz\/wp-content\/gallery\/galerie-kontejnery\/IMG_20150202_082511.jpg\"\n           title=\"\"\n           data-src=\"https:\/\/svarujem.cz\/wp-content\/gallery\/galerie-kontejnery\/IMG_20150202_082511.jpg\"\n           data-thumbnail=\"https:\/\/svarujem.cz\/wp-content\/gallery\/galerie-kontejnery\/thumbs\/thumbs_IMG_20150202_082511.jpg\"\n           data-image-id=\"186\"\n           data-title=\"IMG_20150202_082511\"\n           data-description=\"\"\n           class=\"ngg-fancybox\" rel=\"284\">\n\n            <img data-image-id='186'\n                 title=\"\"\n                 alt=\"IMG_20150202_082511\"\n                 src=\"https:\/\/svarujem.cz\/wp-content\/gallery\/galerie-kontejnery\/IMG_20150202_082511.jpg\"\n                 style=\"max-height: 380px;\"\/>\n        <\/a>\n\n        <\/div> \n<div id=\"ngg-image-15\" class=\"ngg-gallery-slideshow-image\" style=\"height:400px\">\n\n        <a href=\"https:\/\/svarujem.cz\/wp-content\/gallery\/galerie-kontejnery\/IMG_20150202_100530.jpg\"\n           title=\"\"\n           data-src=\"https:\/\/svarujem.cz\/wp-content\/gallery\/galerie-kontejnery\/IMG_20150202_100530.jpg\"\n           data-thumbnail=\"https:\/\/svarujem.cz\/wp-content\/gallery\/galerie-kontejnery\/thumbs\/thumbs_IMG_20150202_100530.jpg\"\n           data-image-id=\"187\"\n           data-title=\"IMG_20150202_100530\"\n           data-description=\"\"\n           class=\"ngg-fancybox\" rel=\"284\">\n\n            <img data-image-id='187'\n                 title=\"\"\n                 alt=\"IMG_20150202_100530\"\n                 src=\"https:\/\/svarujem.cz\/wp-content\/gallery\/galerie-kontejnery\/IMG_20150202_100530.jpg\"\n                 style=\"max-height: 380px;\"\/>\n        <\/a>\n\n        <\/div> \n<div id=\"ngg-image-16\" class=\"ngg-gallery-slideshow-image\" style=\"height:400px\">\n\n        <a href=\"https:\/\/svarujem.cz\/wp-content\/gallery\/galerie-kontejnery\/IMG_20150304_130349.jpg\"\n           title=\"\"\n           data-src=\"https:\/\/svarujem.cz\/wp-content\/gallery\/galerie-kontejnery\/IMG_20150304_130349.jpg\"\n           data-thumbnail=\"https:\/\/svarujem.cz\/wp-content\/gallery\/galerie-kontejnery\/thumbs\/thumbs_IMG_20150304_130349.jpg\"\n           data-image-id=\"188\"\n           data-title=\"IMG_20150304_130349\"\n           data-description=\"\"\n           class=\"ngg-fancybox\" rel=\"284\">\n\n            <img data-image-id='188'\n                 title=\"\"\n                 alt=\"IMG_20150304_130349\"\n                 src=\"https:\/\/svarujem.cz\/wp-content\/gallery\/galerie-kontejnery\/IMG_20150304_130349.jpg\"\n                 style=\"max-height: 380px;\"\/>\n        <\/a>\n\n        <\/div> \n<div id=\"ngg-image-17\" class=\"ngg-gallery-slideshow-image\" style=\"height:400px\">\n\n        <a href=\"https:\/\/svarujem.cz\/wp-content\/gallery\/galerie-kontejnery\/IMG_20150304_125951.jpg\"\n           title=\"\"\n           data-src=\"https:\/\/svarujem.cz\/wp-content\/gallery\/galerie-kontejnery\/IMG_20150304_125951.jpg\"\n           data-thumbnail=\"https:\/\/svarujem.cz\/wp-content\/gallery\/galerie-kontejnery\/thumbs\/thumbs_IMG_20150304_125951.jpg\"\n           data-image-id=\"189\"\n           data-title=\"IMG_20150304_125951\"\n           data-description=\"\"\n           class=\"ngg-fancybox\" rel=\"284\">\n\n            <img data-image-id='189'\n                 title=\"\"\n                 alt=\"IMG_20150304_125951\"\n                 src=\"https:\/\/svarujem.cz\/wp-content\/gallery\/galerie-kontejnery\/IMG_20150304_125951.jpg\"\n                 style=\"max-height: 380px;\"\/>\n        <\/a>\n\n        <\/div> \n<div id=\"ngg-image-18\" class=\"ngg-gallery-slideshow-image\" style=\"height:400px\">\n\n        <a href=\"https:\/\/svarujem.cz\/wp-content\/gallery\/galerie-kontejnery\/IMG_20150304_125422.jpg\"\n           title=\"\"\n           data-src=\"https:\/\/svarujem.cz\/wp-content\/gallery\/galerie-kontejnery\/IMG_20150304_125422.jpg\"\n           data-thumbnail=\"https:\/\/svarujem.cz\/wp-content\/gallery\/galerie-kontejnery\/thumbs\/thumbs_IMG_20150304_125422.jpg\"\n           data-image-id=\"190\"\n           data-title=\"IMG_20150304_125422\"\n           data-description=\"\"\n           class=\"ngg-fancybox\" rel=\"284\">\n\n            <img data-image-id='190'\n                 title=\"\"\n                 alt=\"IMG_20150304_125422\"\n                 src=\"https:\/\/svarujem.cz\/wp-content\/gallery\/galerie-kontejnery\/IMG_20150304_125422.jpg\"\n                 style=\"max-height: 380px;\"\/>\n        <\/a>\n\n        <\/div> \n<div id=\"ngg-image-19\" class=\"ngg-gallery-slideshow-image\" style=\"height:400px\">\n\n        <a href=\"https:\/\/svarujem.cz\/wp-content\/gallery\/galerie-kontejnery\/IMG_20151119_083953.jpg\"\n           title=\"\"\n           data-src=\"https:\/\/svarujem.cz\/wp-content\/gallery\/galerie-kontejnery\/IMG_20151119_083953.jpg\"\n           data-thumbnail=\"https:\/\/svarujem.cz\/wp-content\/gallery\/galerie-kontejnery\/thumbs\/thumbs_IMG_20151119_083953.jpg\"\n           data-image-id=\"191\"\n           data-title=\"IMG_20151119_083953\"\n           data-description=\"\"\n           class=\"ngg-fancybox\" rel=\"284\">\n\n            <img data-image-id='191'\n                 title=\"\"\n                 alt=\"IMG_20151119_083953\"\n                 src=\"https:\/\/svarujem.cz\/wp-content\/gallery\/galerie-kontejnery\/IMG_20151119_083953.jpg\"\n                 style=\"max-height: 380px;\"\/>\n        <\/a>\n\n        <\/div> \n<\/div>\n\n\n\t\t<!-- Thumbnails Link -->\n\t<div class=\"slideshowlink\" style=\"max-width: 600px;\">\n        <a href='https:\/\/svarujem.cz\/index.php\/nggallery\/thumbnails?page_id=268'>[Show thumbnails]<\/a>\n\t<\/div>\n\n<\/p>\n","protected":false},"excerpt":{"rendered":"<p>vyrab\u00edme vanov\u00e9 a hakov\u00e9 kontejnery s dopl\u0148ky\u00a0na p\u0159\u00e1n\u00ed zakazn\u00edka. \u00a0 \u00a0 \u00a0 \u00a0 \u00a0 \u00a0 \u00a0 \u00a0 \u00a0 \u00a0 \u00a0 \u00a0 \u00a0 \u00a0 \u00a0 \u00a0 \u00a0 \u00a0 \u00a0 \u00a0 \u00a0\u00a0 [Show thumbnails]<\/p>\n","protected":false},"author":1,"featured_media":0,"parent":8,"menu_order":0,"comment_status":"open","ping_status":"open","template":"","meta":{"ngg_post_thumbnail":0},"_links":{"self":[{"href":"https:\/\/svarujem.cz\/index.php?rest_route=\/wp\/v2\/pages\/268"}],"collection":[{"href":"https:\/\/svarujem.cz\/index.php?rest_route=\/wp\/v2\/pages"}],"about":[{"href":"https:\/\/svarujem.cz\/index.php?rest_route=\/wp\/v2\/types\/page"}],"author":[{"embeddable":true,"href":"https:\/\/svarujem.cz\/index.php?rest_route=\/wp\/v2\/users\/1"}],"replies":[{"embeddable":true,"href":"https:\/\/svarujem.cz\/index.php?rest_route=%2Fwp%2Fv2%2Fcomments&post=268"}],"version-history":[{"count":4,"href":"https:\/\/svarujem.cz\/index.php?rest_route=\/wp\/v2\/pages\/268\/revisions"}],"predecessor-version":[{"id":285,"href":"https:\/\/svarujem.cz\/index.php?rest_route=\/wp\/v2\/pages\/268\/revisions\/285"}],"up":[{"embeddable":true,"href":"https:\/\/svarujem.cz\/index.php?rest_route=\/wp\/v2\/pages\/8"}],"wp:attachment":[{"href":"https:\/\/svarujem.cz\/index.php?rest_route=%2Fwp%2Fv2%2Fmedia&parent=268"}],"curies":[{"name":"wp","href":"https:\/\/api.w.org\/{rel}","templated":true}]}}