{"id":12,"date":"2014-10-26T17:18:36","date_gmt":"2014-10-26T16:18:36","guid":{"rendered":"http:\/\/localhost\/?page_id=12"},"modified":"2016-10-16T18:18:34","modified_gmt":"2016-10-16T17:18:34","slug":"o-nas","status":"publish","type":"page","link":"https:\/\/svarujem.cz\/?page_id=12","title":{"rendered":"O n\u00e1s"},"content":{"rendered":"<p><em>\u0160mid Ladislav<br \/>\nLubina 251<br \/>\nKop\u0159ivnce<br \/>\n74221<br \/>\nI\u010do: 603 34291\u00a0\u00a0\u00a0\u00a0 \u00a0DI\u010c : CZ 7407035295<\/em><em><br \/>\nTel: 603 410713<br \/>\nMail: <\/em><em>svarujem@centrum.cz<\/em><\/p>\n<p>GPS:\u00a0\u00a049.614479 | 18.18112<\/p>\n<p>[wpgmza id=&#8220;1&#8243;]<\/p>\n","protected":false},"excerpt":{"rendered":"<p>\u0160mid Ladislav Lubina 251 Kop\u0159ivnce 74221 I\u010do: 603 34291\u00a0\u00a0\u00a0\u00a0 \u00a0DI\u010c : CZ 7407035295 Tel: 603 410713 Mail: svarujem@centrum.cz GPS:\u00a0\u00a049.614479 | 18.18112 [wpgmza id=&#8220;1&#8243;]<\/p>\n","protected":false},"author":1,"featured_media":0,"parent":0,"menu_order":6,"comment_status":"open","ping_status":"closed","template":"","meta":{"ngg_post_thumbnail":0},"_links":{"self":[{"href":"https:\/\/svarujem.cz\/index.php?rest_route=\/wp\/v2\/pages\/12"}],"collection":[{"href":"https:\/\/svarujem.cz\/index.php?rest_route=\/wp\/v2\/pages"}],"about":[{"href":"https:\/\/svarujem.cz\/index.php?rest_route=\/wp\/v2\/types\/page"}],"author":[{"embeddable":true,"href":"https:\/\/svarujem.cz\/index.php?rest_route=\/wp\/v2\/users\/1"}],"replies":[{"embeddable":true,"href":"https:\/\/svarujem.cz\/index.php?rest_route=%2Fwp%2Fv2%2Fcomments&post=12"}],"version-history":[{"count":9,"href":"https:\/\/svarujem.cz\/index.php?rest_route=\/wp\/v2\/pages\/12\/revisions"}],"predecessor-version":[{"id":553,"href":"https:\/\/svarujem.cz\/index.php?rest_route=\/wp\/v2\/pages\/12\/revisions\/553"}],"wp:attachment":[{"href":"https:\/\/svarujem.cz\/index.php?rest_route=%2Fwp%2Fv2%2Fmedia&parent=12"}],"curies":[{"name":"wp","href":"https:\/\/api.w.org\/{rel}","templated":true}]}}