{"id":10,"date":"2014-10-26T17:17:15","date_gmt":"2014-10-26T16:17:15","guid":{"rendered":"http:\/\/localhost\/?page_id=10"},"modified":"2026-03-19T15:57:52","modified_gmt":"2026-03-19T14:57:52","slug":"moznosti-vyroby","status":"publish","type":"page","link":"https:\/\/svarujem.cz\/?page_id=10","title":{"rendered":"Mo\u017enosti v\u00fdroby"},"content":{"rendered":"<ul>\n<li><em>Sva\u0159ov\u00e1n\u00ed metodami : MIG\/MAG&nbsp; , TIG\/WIG&nbsp;&nbsp;Dle: &nbsp;\u010cSN En 287.1<\/em><\/li>\n<li><em>D\u011bl\u011bn\u00ed materialu ru\u010dn\u00ed plazmou do tlou\u0161tky 20 mm<\/em><\/li>\n<li><em>D\u011bleni materi\u00e1lu p\u00e1sovou pilou do pr\u016fm\u011bru 300 mm<\/em><\/li>\n<li><em>St\u0159\u00edh\u00e1ni plech\u016f do \u0161\u00ed\u0159ky 6000 mm a tlou\u0161ky do 4 mm<\/em><\/li>\n<li><em>Oh\u00fdb\u00e1n\u00ed plech\u016f do \u0161\u00ed\u0159ky 6000 mm tlou\u0161tky do 4 mm<\/em><\/li>\n<li><em>Zakru\u017eov\u00e1n\u00ed plech\u016f do \u0161\u00ed\u0159ky 1500 mm , tlou\u0161tky 1,5 mm<\/em><\/li>\n<li><em>Zakru\u017eov\u00e1n\u00ed plech\u016f do \u0161\u00ed\u0159ky 3000mm, &nbsp;tlou\u0161tky &nbsp;4mm<\/em><\/li>\n<li>Ukosovan\u00ed plechu a trubek<\/li>\n<li><em>Oh\u00fdb\u00e1n\u00ed trubek<\/em><\/li>\n<li><em>Soustru\u017een\u00ed<\/em><\/li>\n<li><em>Fr\u00e9zov\u00e1n\u00ed<\/em><\/li>\n<li><em>Lakovan\u00ed<\/em><\/li>\n<li><em>K dispozici mostov\u00fd je\u0159\u00e1b 5000 kg<\/em><\/li>\n<li><em>Vlastn\u00ed doprava do 3500 kg<\/em><\/li>\n<\/ul>\n\n\n<figure class=\"is-layout-flex wp-block-gallery-1 wp-block-gallery has-nested-images columns-default is-cropped\">\n<figure class=\"wp-block-image size-large\"><a href=\"https:\/\/svarujem.cz\/wp-content\/uploads\/2026\/03\/Ohranovacilist-scaled.jpeg\"><img decoding=\"async\" loading=\"lazy\" width=\"1024\" height=\"767\" data-id=\"605\"  src=\"https:\/\/svarujem.cz\/wp-content\/uploads\/2026\/03\/Ohranovacilist-1024x767.jpeg\" alt=\"\" class=\"wp-image-605\" srcset=\"https:\/\/svarujem.cz\/wp-content\/uploads\/2026\/03\/Ohranovacilist-1024x767.jpeg 1024w, https:\/\/svarujem.cz\/wp-content\/uploads\/2026\/03\/Ohranovacilist-300x225.jpeg 300w, https:\/\/svarujem.cz\/wp-content\/uploads\/2026\/03\/Ohranovacilist-768x575.jpeg 768w, https:\/\/svarujem.cz\/wp-content\/uploads\/2026\/03\/Ohranovacilist-1536x1151.jpeg 1536w, https:\/\/svarujem.cz\/wp-content\/uploads\/2026\/03\/Ohranovacilist-2048x1534.jpeg 2048w, https:\/\/svarujem.cz\/wp-content\/uploads\/2026\/03\/Ohranovacilist-135x100.jpeg 135w\" sizes=\"(max-width: 1024px) 100vw, 1024px\" \/><\/a><figcaption class=\"wp-element-caption\">default<\/figcaption><\/figure>\n<\/figure>\n\n\n\n<figure class=\"is-layout-flex wp-block-gallery-3 wp-block-gallery has-nested-images columns-default is-cropped\"><figcaption class=\"blocks-gallery-caption wp-element-caption\">Ohra\u0148ovac\u00ed list 6000mm<\/figcaption><\/figure>\n","protected":false},"excerpt":{"rendered":"<p>Sva\u0159ov\u00e1n\u00ed metodami : MIG\/MAG&nbsp; , TIG\/WIG&nbsp;&nbsp;Dle: &nbsp;\u010cSN En 287.1 D\u011bl\u011bn\u00ed materialu ru\u010dn\u00ed plazmou do tlou\u0161tky 20 mm D\u011bleni materi\u00e1lu p\u00e1sovou pilou do pr\u016fm\u011bru 300 mm St\u0159\u00edh\u00e1ni plech\u016f do \u0161\u00ed\u0159ky 6000 mm a tlou\u0161ky do 4 mm Oh\u00fdb\u00e1n\u00ed plech\u016f do \u0161\u00ed\u0159ky 6000 mm tlou\u0161tky do 4 mm Zakru\u017eov\u00e1n\u00ed plech\u016f do \u0161\u00ed\u0159ky 1500 mm , tlou\u0161tky 1,5 [&hellip;]<\/p>\n","protected":false},"author":1,"featured_media":0,"parent":0,"menu_order":5,"comment_status":"open","ping_status":"open","template":"","meta":{"ngg_post_thumbnail":0},"_links":{"self":[{"href":"https:\/\/svarujem.cz\/index.php?rest_route=\/wp\/v2\/pages\/10"}],"collection":[{"href":"https:\/\/svarujem.cz\/index.php?rest_route=\/wp\/v2\/pages"}],"about":[{"href":"https:\/\/svarujem.cz\/index.php?rest_route=\/wp\/v2\/types\/page"}],"author":[{"embeddable":true,"href":"https:\/\/svarujem.cz\/index.php?rest_route=\/wp\/v2\/users\/1"}],"replies":[{"embeddable":true,"href":"https:\/\/svarujem.cz\/index.php?rest_route=%2Fwp%2Fv2%2Fcomments&post=10"}],"version-history":[{"count":8,"href":"https:\/\/svarujem.cz\/index.php?rest_route=\/wp\/v2\/pages\/10\/revisions"}],"predecessor-version":[{"id":608,"href":"https:\/\/svarujem.cz\/index.php?rest_route=\/wp\/v2\/pages\/10\/revisions\/608"}],"wp:attachment":[{"href":"https:\/\/svarujem.cz\/index.php?rest_route=%2Fwp%2Fv2%2Fmedia&parent=10"}],"curies":[{"name":"wp","href":"https:\/\/api.w.org\/{rel}","templated":true}]}}